{"id":949,"date":"2026-02-10T11:14:25","date_gmt":"2026-02-10T14:14:25","guid":{"rendered":"https:\/\/marciooliveiraeventos.com.br\/principal\/?post_type=product&#038;p=949"},"modified":"2026-02-10T11:14:58","modified_gmt":"2026-02-10T14:14:58","slug":"imersao-em-trincas-invisiveis-e-solucoes-visiveis-5a-turma-2352","status":"publish","type":"product","link":"https:\/\/marciooliveiraeventos.com.br\/principal\/produto\/imersao-em-trincas-invisiveis-e-solucoes-visiveis-5a-turma-2352\/","title":{"rendered":"Imers\u00e3o em Trincas Invis\u00edveis e Solu\u00e7\u00f5es Vis\u00edveis &#8211; 5\u00aa TURMA"},"content":{"rendered":"","protected":false},"excerpt":{"rendered":"","protected":false},"featured_media":627,"template":"","meta":[],"product_brand":[],"product_cat":[20],"product_tag":[],"class_list":{"0":"post-949","1":"product","2":"type-product","3":"status-publish","4":"has-post-thumbnail","6":"product_cat-sem-categoria","8":"first","9":"instock","10":"virtual","11":"sold-individually","12":"purchasable","13":"product-type-simple"},"_links":{"self":[{"href":"https:\/\/marciooliveiraeventos.com.br\/principal\/wp-json\/wp\/v2\/product\/949","targetHints":{"allow":["GET"]}}],"collection":[{"href":"https:\/\/marciooliveiraeventos.com.br\/principal\/wp-json\/wp\/v2\/product"}],"about":[{"href":"https:\/\/marciooliveiraeventos.com.br\/principal\/wp-json\/wp\/v2\/types\/product"}],"wp:featuredmedia":[{"embeddable":true,"href":"https:\/\/marciooliveiraeventos.com.br\/principal\/wp-json\/wp\/v2\/media\/627"}],"wp:attachment":[{"href":"https:\/\/marciooliveiraeventos.com.br\/principal\/wp-json\/wp\/v2\/media?parent=949"}],"wp:term":[{"taxonomy":"product_brand","embeddable":true,"href":"https:\/\/marciooliveiraeventos.com.br\/principal\/wp-json\/wp\/v2\/product_brand?post=949"},{"taxonomy":"product_cat","embeddable":true,"href":"https:\/\/marciooliveiraeventos.com.br\/principal\/wp-json\/wp\/v2\/product_cat?post=949"},{"taxonomy":"product_tag","embeddable":true,"href":"https:\/\/marciooliveiraeventos.com.br\/principal\/wp-json\/wp\/v2\/product_tag?post=949"}],"curies":[{"name":"wp","href":"https:\/\/api.w.org\/{rel}","templated":true}]}}