{"id":302,"date":"2019-12-16T18:41:26","date_gmt":"2019-12-16T18:41:26","guid":{"rendered":"http:\/\/marciooliveiraeventos.com.br\/principal\/?page_id=302"},"modified":"2019-12-19T18:26:27","modified_gmt":"2019-12-19T18:26:27","slug":"marpe-e-mini-implantes-extra-alveolares","status":"publish","type":"page","link":"https:\/\/marciooliveiraeventos.com.br\/principal\/marpe-e-mini-implantes-extra-alveolares\/","title":{"rendered":"MARPE* E MINI-IMPLANTES EXTRA-ALVEOLARES"},"content":{"rendered":"<p>[vc_row][vc_column][\/vc_column][\/vc_row][vc_row][vc_column][vc_column_text]<\/p>\n<h4>INFORMA\u00c7\u00d5ES e INSCRI\u00c7\u00d5ES:<\/h4>\n<p>Av. Prudente de Morais, 287\/1011 . Cidade Jardim . Belo Horizonte . MG . 30350-093 . Email: marcio.cursos@terra.com.br . Telefone fixo: (31) 3297-9252. M\u00f3vel e WhatsApp: (31) 99925-3558.[\/vc_column_text][\/vc_column][\/vc_row]<\/p>\n","protected":false},"excerpt":{"rendered":"<p>[vc_row][vc_column][\/vc_column][\/vc_row][vc_row][vc_column][vc_column_text] INFORMA\u00c7\u00d5ES e INSCRI\u00c7\u00d5ES: Av. Prudente de Morais, 287\/1011 . Cidade Jardim . Belo Horizonte . MG . 30350-093 . Email: marcio.cursos@terra.com.br . Telefone fixo: (31)<span class=\"excerpt-hellip\"> [\u2026]<\/span><\/p>\n","protected":false},"author":3,"featured_media":0,"parent":0,"menu_order":0,"comment_status":"closed","ping_status":"closed","template":"","meta":{"footnotes":""},"class_list":["post-302","page","type-page","status-publish","hentry"],"_links":{"self":[{"href":"https:\/\/marciooliveiraeventos.com.br\/principal\/wp-json\/wp\/v2\/pages\/302","targetHints":{"allow":["GET"]}}],"collection":[{"href":"https:\/\/marciooliveiraeventos.com.br\/principal\/wp-json\/wp\/v2\/pages"}],"about":[{"href":"https:\/\/marciooliveiraeventos.com.br\/principal\/wp-json\/wp\/v2\/types\/page"}],"author":[{"embeddable":true,"href":"https:\/\/marciooliveiraeventos.com.br\/principal\/wp-json\/wp\/v2\/users\/3"}],"replies":[{"embeddable":true,"href":"https:\/\/marciooliveiraeventos.com.br\/principal\/wp-json\/wp\/v2\/comments?post=302"}],"version-history":[{"count":0,"href":"https:\/\/marciooliveiraeventos.com.br\/principal\/wp-json\/wp\/v2\/pages\/302\/revisions"}],"wp:attachment":[{"href":"https:\/\/marciooliveiraeventos.com.br\/principal\/wp-json\/wp\/v2\/media?parent=302"}],"curies":[{"name":"wp","href":"https:\/\/api.w.org\/{rel}","templated":true}]}}