{"id":249,"date":"2018-07-16T00:15:42","date_gmt":"2018-07-16T00:15:42","guid":{"rendered":"http:\/\/marciooliveiraeventos.com.br\/principal\/?page_id=249"},"modified":"2018-07-16T00:15:42","modified_gmt":"2018-07-16T00:15:42","slug":"a-empresa","status":"publish","type":"page","link":"https:\/\/marciooliveiraeventos.com.br\/principal\/a-empresa\/","title":{"rendered":"A Empresa"},"content":{"rendered":"<p>[vc_row][vc_column][vc_column_text]A pessoa jur\u00eddica M\u00c1RCIO OLIVEIRA EVENTOS E MARKETING \u00e9 uma EIRELLI, ou seja, Empresa Individual de Responsabilidade Limitada.\u00a0 Surgiu como consequ\u00eancia natural da hist\u00f3ria de seu criador, narrada no t\u00edtulo &#8220;Sobre o Profissional&#8221;, no &#8220;menu&#8221; deste site. Chegou-se a um momento da vida do profissional aut\u00f4nomo que tornou-se imperativo formalizar as rela\u00e7\u00f5es com os diversos p\u00fablicos. O intuito foi, sobretudo, organizar a identidade empresarial, ou seja, construir uma imagem corporativa pr\u00f3pria, dissociada das pessoas jur\u00eddicas dos parceiros em cursos.\u00a0 A empresa pr\u00f3pria veio atender, tamb\u00e9m, a uma demanda por novas perspectivas de mercado, al\u00e9m de ter se tornado, em termos log\u00edsticos e administrativos, imprescind\u00edvel \u00e0s solu\u00e7\u00f5es pr\u00e1ticas no dia a dia do trabalho do seu\u00a0 gestor e equipe.<\/p>\n<p>Ambos, profissional e empresa, s\u00e3o devida e distintamente registrados no CONRERP 3\u00aa Regi\u00e3o, Conselho Regional de Profissionais de Rela\u00e7\u00f5es P\u00fablicas, que &#8220;\u00e9 uma autarquia federal que integra o Sistema CONFERP, Conselho Federal de Profissionais de Rela\u00e7\u00f5es P\u00fablicas e que tem por finalidade regular a profiss\u00e3o de Rela\u00e7\u00f5es P\u00fablicas nos Estados de Minas Gerais e Esp\u00edrito Santo&#8221;.<\/p>\n<p>O foco desta empresa \u00e9 a organiza\u00e7\u00e3o de eventos, cursos (de atualiza\u00e7\u00e3o, aperfei\u00e7oamento, especializa\u00e7\u00e3o, imers\u00e3o etc) e congressos para o nicho Odontologia. O trabalho de coordena\u00e7\u00e3o executiva dos cursos vai do planejamento (junto ao coordenador cient\u00edfico), divulga\u00e7\u00e3o, capta\u00e7\u00e3o, at\u00e9 \u00e0 execu\u00e7\u00e3o efetiva e finaliza\u00e7\u00e3o destes.<\/p>\n<p>Esta empresa \u00e9 tamb\u00e9m voltada \u00e0 assessoria em Comunica\u00e7\u00e3o e Marketing para Cirurgi\u00f5es-dentistas, consult\u00f3rios e empresas de Odontologia, \u00e1rea de dom\u00ednio do Profissional, como Rela\u00e7\u00f5es P\u00fablicas e especialista em Marketing. Apesar de ter foco em Odontologia esta empresa, em car\u00e1ter de exce\u00e7\u00e3o, pode atender outros \u00e1reas da sa\u00fade tamb\u00e9m, como Medicina, Fisioterapia e outras, a depender da demanda que se apresenta.[\/vc_column_text][\/vc_column][\/vc_row]<\/p>\n","protected":false},"excerpt":{"rendered":"<p>[vc_row][vc_column][vc_column_text]A pessoa jur\u00eddica M\u00c1RCIO OLIVEIRA EVENTOS E MARKETING \u00e9 uma EIRELLI, ou seja, Empresa Individual de Responsabilidade Limitada.\u00a0 Surgiu como consequ\u00eancia natural da hist\u00f3ria de seu<span class=\"excerpt-hellip\"> [\u2026]<\/span><\/p>\n","protected":false},"author":1,"featured_media":0,"parent":0,"menu_order":0,"comment_status":"closed","ping_status":"closed","template":"","meta":{"footnotes":""},"class_list":["post-249","page","type-page","status-publish","hentry"],"_links":{"self":[{"href":"https:\/\/marciooliveiraeventos.com.br\/principal\/wp-json\/wp\/v2\/pages\/249","targetHints":{"allow":["GET"]}}],"collection":[{"href":"https:\/\/marciooliveiraeventos.com.br\/principal\/wp-json\/wp\/v2\/pages"}],"about":[{"href":"https:\/\/marciooliveiraeventos.com.br\/principal\/wp-json\/wp\/v2\/types\/page"}],"author":[{"embeddable":true,"href":"https:\/\/marciooliveiraeventos.com.br\/principal\/wp-json\/wp\/v2\/users\/1"}],"replies":[{"embeddable":true,"href":"https:\/\/marciooliveiraeventos.com.br\/principal\/wp-json\/wp\/v2\/comments?post=249"}],"version-history":[{"count":0,"href":"https:\/\/marciooliveiraeventos.com.br\/principal\/wp-json\/wp\/v2\/pages\/249\/revisions"}],"wp:attachment":[{"href":"https:\/\/marciooliveiraeventos.com.br\/principal\/wp-json\/wp\/v2\/media?parent=249"}],"curies":[{"name":"wp","href":"https:\/\/api.w.org\/{rel}","templated":true}]}}