{"id":157,"date":"2018-05-07T14:34:27","date_gmt":"2018-05-07T14:34:27","guid":{"rendered":"http:\/\/marciooliveiraeventos.com.br\/principal\/?page_id=157"},"modified":"2018-05-28T20:57:44","modified_gmt":"2018-05-28T20:57:44","slug":"harmonizacao","status":"publish","type":"page","link":"https:\/\/marciooliveiraeventos.com.br\/principal\/harmonizacao\/","title":{"rendered":"Harmoniza\u00e7\u00e3o funcional"},"content":{"rendered":"<p>[vc_row][vc_column width=&#8221;1\/2&#8243;][vc_btn title=&#8221;CLIQUE AQUI E INSCREVA-SE&#8221; style=&#8221;classic&#8221; color=&#8221;vista-blue&#8221; align=&#8221;right&#8221; i_icon_fontawesome=&#8221;fa fa-pencil-square-o&#8221; css_animation=&#8221;lightSpeedIn&#8221; add_icon=&#8221;true&#8221; link=&#8221;url:http%3A%2F%2Fmarciooliveiraeventos.com.br%2Finscricoes%2Fadmin%2Finscricao.php%3Fevento%3D1|title:Se%20ainda%20n%C3%A3o%20se%20inscreveu%2C%20clique%20neste!|target:%20_blank|&#8221; css=&#8221;.vc_custom_1527257064028{background-position: center !important;background-repeat: no-repeat !important;background-size: cover !important;}&#8221;][\/vc_column][vc_column width=&#8221;1\/2&#8243;][vc_btn title=&#8221;ACOMPANHE SUA INSCRI\u00c7\u00c3O&#8221; style=&#8221;classic&#8221; align=&#8221;left&#8221; i_icon_fontawesome=&#8221;fa fa-eye&#8221; css_animation=&#8221;fadeIn&#8221; add_icon=&#8221;true&#8221; link=&#8221;url:http%3A%2F%2Fmarciooliveiraeventos.com.br%2Finscricoes%2F|title:Se%20j%C3%A1%20se%20inscreveu%2C%20clique%20neste!|target:%20_blank|&#8221;][\/vc_column][\/vc_row][vc_row][vc_column][vc_column_text]<\/p>\n<h4>INVESTIMENTOS:<\/h4>\n<p>O investimento, facilmente parcelado, pode ser pago com:<\/p>\n<ol>\n<li><strong>CHEQUES<\/strong> (Parcelamento sem acr\u00e9scimos):\n<ol>\n<li>\u00a0R$ 200,00 no ato da inscri\u00e7\u00e3o, deduzidos da 1\u00ba parcela.<\/li>\n<li>\u00a09 parcelas = 1\u00ba de R$ 590,00 + 8 de R$ 790,00 (Respectivamente para 22.06.18 a 22.02.19).<\/li>\n<li>\u00a07 parcelas = 1\u00ba de R$ 815,00 + 6 de R$ 1015,00 (Respectivamente para 22.06.18 a 22.12.18).<\/li>\n<\/ol>\n<\/li>\n<li><strong>CART\u00d5ES DE CR\u00c9DITO<\/strong> (Parcela \u00fanica, SEM ACR\u00c9SCIMOS), ou de 2 vezes em diante (At\u00e9 12 vezes, conforme cada cart\u00e3o), com juros de 2,99 ao m\u00eas.<\/li>\n<\/ol>\n<h4>Formas para inscrever-se:<\/h4>\n<ul>\n<li>Correios (Cheques): Carta registrada \u00e0 empresa M\u00e1rcio Oliveira Eventos e Marketing &#8211; ME: Av. Prudente de Morais, 287. Sala 1011. Cidade Jardim.Belo Horizonte &#8211; MG.30350-093. cheques cruzados e nominais \u00e0 Marcio Oliveira Eventos e Marketing-ME.<\/li>\n<li>Coleta via Mensageiro (Cheques): Somente em Belo Horizonte \/ Taxa de coleta sob consulta, por bairro.<\/li>\n<li>Pessoalmente (Cheques e Cart\u00e3o): No endere\u00e7o acima, de 8h.30 \u00e0s 12h.\/ 14h \u00e0s 17h.30<\/li>\n<li>Cart\u00e3o de Cr\u00e9dito (online): Parcela \u00fanica, SEM ACR\u00c9SCIMOS ou de 2 vezes em diante (at\u00e9 12 vezes, conforme cada cart\u00e3o), com juros de 2,99 ao m\u00eas, via Pag Seguro UOL.<\/li>\n<\/ul>\n<h4>Parcelamentos dos Cheques<\/h4>\n<ul>\n<li>9x de R$790,00 (sem acr\u00e9scimo). Entrada de R$200,00 dedut\u00edveis na 1\u00ba.<\/li>\n<li>7x de R$1015,00 (sem acr\u00e9scimo). Entrada de R$200,00 dedut\u00edveis na 1\u00ba.<\/li>\n<\/ul>\n<p>[\/vc_column_text][\/vc_column][\/vc_row][vc_row][vc_column width=&#8221;1\/2&#8243;][vc_btn title=&#8221;CLIQUE AQUI E INSCREVA-SE&#8221; style=&#8221;classic&#8221; color=&#8221;vista-blue&#8221; align=&#8221;right&#8221; i_icon_fontawesome=&#8221;fa fa-pencil-square-o&#8221; css_animation=&#8221;lightSpeedIn&#8221; add_icon=&#8221;true&#8221; link=&#8221;url:http%3A%2F%2Fmarciooliveiraeventos.com.br%2Finscricoes%2Fadmin%2Finscricao.php%3Fevento%3D1|title:Se%20ainda%20n%C3%A3o%20se%20inscreveu%2C%20clique%20neste!|target:%20_blank|&#8221; css=&#8221;.vc_custom_1527257064028{background-position: center !important;background-repeat: no-repeat !important;background-size: cover !important;}&#8221;][\/vc_column][vc_column width=&#8221;1\/2&#8243;][vc_btn title=&#8221;ACOMPANHE SUA INSCRI\u00c7\u00c3O&#8221; style=&#8221;classic&#8221; align=&#8221;left&#8221; i_icon_fontawesome=&#8221;fa fa-eye&#8221; css_animation=&#8221;fadeIn&#8221; add_icon=&#8221;true&#8221; link=&#8221;url:http%3A%2F%2Fmarciooliveiraeventos.com.br%2Finscricoes%2F|title:Se%20j%C3%A1%20se%20inscreveu%2C%20clique%20neste!|target:%20_blank|&#8221;][\/vc_column][\/vc_row][vc_row][vc_column][vc_column_text]<\/p>\n<h4>INFORMA\u00c7\u00d5ES e INSCRI\u00c7\u00d5ES:<\/h4>\n<p>Av. Prudente de Morais, 287\/1011 . Cidade Jardim . Belo Horizonte . MG . 30350-093 . Email: marcio.cursos@terra.com.br . Telefones fixos: (31) 3297-9252 e (31) 3292-7968 . M\u00f3vel e WhatsApp: (31) 99925-3558.[\/vc_column_text][\/vc_column][\/vc_row]<\/p>\n","protected":false},"excerpt":{"rendered":"<p>[vc_row][vc_column width=&#8221;1\/2&#8243;][vc_btn title=&#8221;CLIQUE AQUI E INSCREVA-SE&#8221; style=&#8221;classic&#8221; color=&#8221;vista-blue&#8221; align=&#8221;right&#8221; i_icon_fontawesome=&#8221;fa fa-pencil-square-o&#8221; css_animation=&#8221;lightSpeedIn&#8221; add_icon=&#8221;true&#8221; link=&#8221;url:http%3A%2F%2Fmarciooliveiraeventos.com.br%2Finscricoes%2Fadmin%2Finscricao.php%3Fevento%3D1|title:Se%20ainda%20n%C3%A3o%20se%20inscreveu%2C%20clique%20neste!|target:%20_blank|&#8221; css=&#8221;.vc_custom_1527257064028{background-position: center !important;background-repeat: no-repeat !important;background-size: cover !important;}&#8221;][\/vc_column][vc_column width=&#8221;1\/2&#8243;][vc_btn title=&#8221;ACOMPANHE SUA INSCRI\u00c7\u00c3O&#8221; style=&#8221;classic&#8221;<span class=\"excerpt-hellip\"> [\u2026]<\/span><\/p>\n","protected":false},"author":1,"featured_media":151,"parent":0,"menu_order":0,"comment_status":"closed","ping_status":"closed","template":"","meta":{"footnotes":""},"class_list":["post-157","page","type-page","status-publish","has-post-thumbnail","hentry"],"_links":{"self":[{"href":"https:\/\/marciooliveiraeventos.com.br\/principal\/wp-json\/wp\/v2\/pages\/157","targetHints":{"allow":["GET"]}}],"collection":[{"href":"https:\/\/marciooliveiraeventos.com.br\/principal\/wp-json\/wp\/v2\/pages"}],"about":[{"href":"https:\/\/marciooliveiraeventos.com.br\/principal\/wp-json\/wp\/v2\/types\/page"}],"author":[{"embeddable":true,"href":"https:\/\/marciooliveiraeventos.com.br\/principal\/wp-json\/wp\/v2\/users\/1"}],"replies":[{"embeddable":true,"href":"https:\/\/marciooliveiraeventos.com.br\/principal\/wp-json\/wp\/v2\/comments?post=157"}],"version-history":[{"count":0,"href":"https:\/\/marciooliveiraeventos.com.br\/principal\/wp-json\/wp\/v2\/pages\/157\/revisions"}],"wp:featuredmedia":[{"embeddable":true,"href":"https:\/\/marciooliveiraeventos.com.br\/principal\/wp-json\/wp\/v2\/media\/151"}],"wp:attachment":[{"href":"https:\/\/marciooliveiraeventos.com.br\/principal\/wp-json\/wp\/v2\/media?parent=157"}],"curies":[{"name":"wp","href":"https:\/\/api.w.org\/{rel}","templated":true}]}}