{"id":12,"date":"2016-08-17T13:35:11","date_gmt":"2016-08-17T13:35:11","guid":{"rendered":"http:\/\/themes.muffingroup.com\/be\/lawyer2\/?page_id=12"},"modified":"2018-07-17T20:14:04","modified_gmt":"2018-07-17T20:14:04","slug":"o-profissional","status":"publish","type":"page","link":"https:\/\/marciooliveiraeventos.com.br\/principal\/o-profissional\/","title":{"rendered":"O Profissional"},"content":{"rendered":"<p>[vc_row][vc_column][vc_column_text]M\u00e1rcio Ant\u00f4nio Oliveira \u00e9 bacharel em Comunica\u00e7\u00e3o Social, habilita\u00e7\u00e3o Rela\u00e7\u00f5es P\u00fablicas, pela PUC Minas\/Belo Horizonte e profissional registrado no CONRERP 3\u00aa Regi\u00e3o sob o No 1264. Para dar foco ao trabalho, ent\u00e3o iniciado na Odontologia, concluiu a especializa\u00e7\u00e3o em Gest\u00e3o Estrat\u00e9gica de Marketing, pelo CEPEAD da UFMG, tamb\u00e9m em Belo Horizonte.<\/p>\n<p>Iniciou seus trabalhos na Odontologia, em 1996, por interm\u00e9dio de uma consultoria a uma cl\u00ednica de Ortodontia e a uma Radiologia. Tomou gosto por aquele trabalho e incentivo do cliente e em 1997, a convite deste, tornou-se o respons\u00e1vel pelos cursos de um grupo de Ortodontistas, nesta capital. Juntamente a uma assessoria contratada pelo referido grupo, auxiliou na concretiza\u00e7\u00e3o ( no Ouro Minas e em 1998) daquele que viria a ser seu primeiro evento internacional em Odontologia.<\/p>\n<p>Neste per\u00edodo, tamb\u00e9m iniciara-se na doc\u00eancia, com treinamentos de atendimento, direcionados para pequenos grupos de auxiliares e Cirurgi\u00f5es-dentistas. Come\u00e7aram a surgir os convites, para Belo Horizonte, interior de Minas e alguns estados do pa\u00eds, trabalho que est\u00e1 a atravessar d\u00e9cadas e cujo objeto atual foi ampliado para &#8220;Atendimento e Marketing em Odontologia&#8221;.<\/p>\n<p>Com a cis\u00e3o do mencionado grupo de Ortodontistas, tornou-se parceiro de membros deste, em outra institui\u00e7\u00e3o similar, que ajudou a estruturar. Nela, continuou a organizar cursos, em Ortodontia e Disfun\u00e7\u00e3o T\u00eamporomandibular\/Dor Orofacial. Nesta especialidade, foram v\u00e1rios eventos, grandes (Hot\u00e9is Mercure, Ouro Minas, C\u00e9sar Business etc), m\u00e9dios ou menores, cl\u00ednicos ou n\u00e3o, com v\u00e1rios expoentes nacionais e internacionais.<\/p>\n<p>Da\u00ed em diante, passa a desenvolver trabalhos independentes em outras especialidades, momento do feliz e produtivo encontro com a Endodontia. Nesta, novamente, seguem-se eventos grandes (Hotel Mercure), m\u00e9dios ou menores. As consultorias ampliaram-se, os convites \u00e0 doc\u00eancia tamb\u00e9m, mas n\u00e3o o impediram de retomar os trabalhos em Ortodontia: novamente, algumas turmas de especializa\u00e7\u00e3o e execu\u00e7\u00e3o de um grande evento comemorativo (em 2008, Royal Golden Hotel) para esta especialidade, bem como, continuidade com os eventos em DTM e Dor Orofacial. Neste mesmo ano de 2008, solidifica seu contato com a Implantodontia, parceria de sucesso que, espontaneamente, resultou no &#8220;Meeting de Implantodontia, Periodontia Est\u00e9tica e Pr\u00f3tese&#8221; (Hot\u00e9is Mercure, Ouro Minas e hoje no Teatro do Minas T\u00eanis Clube), evento que passou a ser fixo no calend\u00e1rio da Odontologia mineira e brasileira e que, em 2018, consolida seu d\u00e9cimo selo, como o maior evento da Perio-implantodontia de MG.<\/p>\n<p>Pouco depois, recebe o convite de profissionais do Laser em Odontologia, egressos da USP e da UFMG e com os quais realiza um congresso de Laserterapia, no Mercure Hotel. Paralelamente ao novo (e grande) projeto do &#8220;Meeting&#8221; supra, este profissional prossegue com seus trabalhos na DTM e DOF e agrega, (em 2011 e 2012), um trabalho internacional, precisamente em Portugal (e elabora\u00e7\u00e3o de projetos para Espanha e Chile), mesclando ora DTM\/DOF e outra parceria em Implantodontia, para o exterior.<\/p>\n<p>Em 2013 este profissional adentra \u00e0 Dent\u00edstica, em um bem sucedido projeto te\u00f3rico\/cl\u00ednico. A doc\u00eancia e as consultorias continuam a caminhar ao seu lado, ora absorvendo-o mais, ora menos, ao andar da carruagem dos eventos que sucederam-se.<\/p>\n<p>Em 2016 tem seu primeiro contato com a Odontologia Digital, entendido &#8220;caminho sem volta&#8221; para os dentistas. Em 2017, a convite do maior grupo de Radiologia e Tomografia do Estado, faz a coordena\u00e7\u00e3o executiva de um grande evento comemorativo, que lotou o primeiro andar do Ouro Minas Palace Hotel. Em 2018, continua a desenvolver projetos nesta \u00e1rea, dada a compreens\u00e3o de sua moderna irreversibilidade. Desde 2016, tamb\u00e9m retomou seu trabalho com a Dent\u00edstica, mais objetivamente com a &#8220;Est\u00e9tica em Odontologia&#8221;, ao perceber o que vem ocorrendo neste nicho, contemporaneamente.<\/p>\n<p>Seus projetos atuais contemplam consultorias (em eventos, Marketing e projetos de qualidade e atendimento), doc\u00eancia a convites, o Meeting de Implantodontia e Periodontia Est\u00e9tica (em seu apogeu de 10 Anos), cursos em Dent\u00edstica\/Est\u00e9tica, em DSD com Periodontia Est\u00e9tica e por \u00faltimo, Harmoniza\u00e7\u00e3o no Ter\u00e7o Inferior da Face, al\u00e9m, obviamente, do que vem sendo planejado para os pr\u00f3ximos meses e anos.[\/vc_column_text][\/vc_column][\/vc_row]<\/p>\n","protected":false},"excerpt":{"rendered":"<p>[vc_row][vc_column][vc_column_text]M\u00e1rcio Ant\u00f4nio Oliveira \u00e9 bacharel em Comunica\u00e7\u00e3o Social, habilita\u00e7\u00e3o Rela\u00e7\u00f5es P\u00fablicas, pela PUC Minas\/Belo Horizonte e profissional registrado no CONRERP 3\u00aa Regi\u00e3o sob o No 1264.<span class=\"excerpt-hellip\"> [\u2026]<\/span><\/p>\n","protected":false},"author":1,"featured_media":138,"parent":0,"menu_order":0,"comment_status":"closed","ping_status":"closed","template":"","meta":{"footnotes":""},"class_list":["post-12","page","type-page","status-publish","has-post-thumbnail","hentry"],"_links":{"self":[{"href":"https:\/\/marciooliveiraeventos.com.br\/principal\/wp-json\/wp\/v2\/pages\/12","targetHints":{"allow":["GET"]}}],"collection":[{"href":"https:\/\/marciooliveiraeventos.com.br\/principal\/wp-json\/wp\/v2\/pages"}],"about":[{"href":"https:\/\/marciooliveiraeventos.com.br\/principal\/wp-json\/wp\/v2\/types\/page"}],"author":[{"embeddable":true,"href":"https:\/\/marciooliveiraeventos.com.br\/principal\/wp-json\/wp\/v2\/users\/1"}],"replies":[{"embeddable":true,"href":"https:\/\/marciooliveiraeventos.com.br\/principal\/wp-json\/wp\/v2\/comments?post=12"}],"version-history":[{"count":0,"href":"https:\/\/marciooliveiraeventos.com.br\/principal\/wp-json\/wp\/v2\/pages\/12\/revisions"}],"wp:featuredmedia":[{"embeddable":true,"href":"https:\/\/marciooliveiraeventos.com.br\/principal\/wp-json\/wp\/v2\/media\/138"}],"wp:attachment":[{"href":"https:\/\/marciooliveiraeventos.com.br\/principal\/wp-json\/wp\/v2\/media?parent=12"}],"curies":[{"name":"wp","href":"https:\/\/api.w.org\/{rel}","templated":true}]}}